{"id":790986,"date":"2026-04-29T10:28:28","date_gmt":"2026-04-29T08:28:28","guid":{"rendered":"https:\/\/www.la-cale-sauvage.com\/?page_id=790986"},"modified":"2026-04-29T10:37:44","modified_gmt":"2026-04-29T08:37:44","slug":"agenda-evenements","status":"publish","type":"page","link":"https:\/\/www.la-cale-sauvage.com\/en\/agenda-evenements\/","title":{"rendered":"Agenda \u00c9v\u00e8nements"},"content":{"rendered":"<p>[et_pb_section fb_built=\u00a0\u00bb1&Prime; admin_label=\u00a0\u00bbAbout\u00a0\u00bb _builder_version=\u00a0\u00bb4.25.1&Prime; _module_preset=\u00a0\u00bbdefault\u00a0\u00bb background_color=\u00a0\u00bbgcid-695690f7-1400-435d-ab5d-81e5d8a43692&Prime; collapsed=\u00a0\u00bbon\u00a0\u00bb global_colors_info=\u00a0\u00bb{%22gcid-695690f7-1400-435d-ab5d-81e5d8a43692%22:%91%22background_color%22%93}\u00a0\u00bb][et_pb_row column_structure=\u00a0\u00bb1_4,3_4&Prime; _builder_version=\u00a0\u00bb4.27.6&Prime; _module_preset=\u00a0\u00bbdefault\u00a0\u00bb global_colors_info=\u00a0\u00bb{}\u00a0\u00bb][et_pb_column type=\u00a0\u00bb1_4&Prime; _builder_version=\u00a0\u00bb4.25.1&Prime; _module_preset=\u00a0\u00bbdefault\u00a0\u00bb global_colors_info=\u00a0\u00bb{}\u00a0\u00bb][et_pb_heading title=\u00a0\u00bbAGENDA\u00a0\u00bb _builder_version=\u00a0\u00bb4.27.6&Prime; _module_preset=\u00a0\u00bb_initial\u00a0\u00bb title_level=\u00a0\u00bbh4&Prime; title_font=\u00a0\u00bb&#8211;et_global_heading_font|700||on|||||\u00a0\u00bb title_text_color=\u00a0\u00bbgcid-3f98729a-f325-4262-9065-9ac1c05e54f8&Prime; title_font_size=\u00a0\u00bb39px\u00a0\u00bb title_letter_spacing=\u00a0\u00bb0.08em\u00a0\u00bb title_line_height=\u00a0\u00bb1.8em\u00a0\u00bb custom_margin=\u00a0\u00bb||10px||false|false\u00a0\u00bb hover_enabled=\u00a0\u00bb0&Prime; title_font_size_tablet=\u00a0\u00bb13px\u00a0\u00bb title_font_size_phone=\u00a0\u00bb12px\u00a0\u00bb title_font_size_last_edited=\u00a0\u00bbon|desktop\u00a0\u00bb locked=\u00a0\u00bboff\u00a0\u00bb global_colors_info=\u00a0\u00bb{%22gcid-3f98729a-f325-4262-9065-9ac1c05e54f8%22:%91%22title_text_color%22%93}\u00a0\u00bb sticky_enabled=\u00a0\u00bb0&Prime;][\/et_pb_heading][\/et_pb_column][et_pb_column type=\u00a0\u00bb3_4&Prime; _builder_version=\u00a0\u00bb4.25.1&Prime; _module_preset=\u00a0\u00bbdefault\u00a0\u00bb global_colors_info=\u00a0\u00bb{}\u00a0\u00bb][et_pb_text _builder_version=\u00a0\u00bb4.27.6&Prime; _module_preset=\u00a0\u00bbdefault\u00a0\u00bb text_font=\u00a0\u00bb|&#8211;et_global_body_font_weight|||||||\u00a0\u00bb text_font_size=\u00a0\u00bb20px\u00a0\u00bb hover_enabled=\u00a0\u00bb0&Prime; sticky_enabled=\u00a0\u00bb0&Prime; text_line_height=\u00a0\u00bb1.4em\u00a0\u00bb]<\/p>\n<p>Vous pouvez cliquer sur chacun des \u00e9v\u00e8nements afin d&rsquo;en savoir plus sur les horaires, le style musical et le lien vers des vid\u00e9os live des artistes !<\/p>\n<p>Aussi, vous pouvez ajouter ces \u00e9v\u00e8nements \u00e0 votre agenda !<\/p>\n<p>[\/et_pb_text][\/et_pb_column][\/et_pb_row][et_pb_row _builder_version=\u00a0\u00bb4.27.6&Prime; _module_preset=\u00a0\u00bbdefault\u00a0\u00bb global_colors_info=\u00a0\u00bb{}\u00a0\u00bb][et_pb_column type=\u00a0\u00bb4_4&Prime; _builder_version=\u00a0\u00bb4.27.6&Prime; _module_preset=\u00a0\u00bbdefault\u00a0\u00bb global_colors_info=\u00a0\u00bb{}\u00a0\u00bb][et_pb_code _builder_version=\u00a0\u00bb4.27.6&Prime; _module_preset=\u00a0\u00bbdefault\u00a0\u00bb hover_enabled=\u00a0\u00bb0&Prime; global_colors_info=\u00a0\u00bb{}\u00a0\u00bb sticky_enabled=\u00a0\u00bb0&Prime;]<\/p>\n<style scoped> iframe[data-tec-events-ece-iframe=\"true\"] { width: 100%; height: calc( 100vw + 100px ); max-width: 100%; } @media screen and (min-width: 600px) { iframe[data-tec-events-ece-iframe=\"true\"] { height: 100vw; } } @media screen and (min-width: 853px) { iframe[data-tec-events-ece-iframe=\"true\"] { height: 1065px; } } <\/style>\n<p> <iframe data-tec-events-ece-iframe=\"true\" src=\"https:\/\/www.la-cale-sauvage.com\/calendar-embed\/SLgSacdRVHm\/embed\/\" frameborder=\"0\" ><\/iframe>[\/et_pb_code][\/et_pb_column][\/et_pb_row][\/et_pb_section]<\/p>","protected":false},"excerpt":{"rendered":"<p>Vous pouvez cliquer sur chacun des \u00e9v\u00e8nements afin d&rsquo;en savoir plus sur les horaires, le style musical et le lien vers des vid\u00e9os live des artistes ! Aussi, vous pouvez [&hellip;]<\/p>","protected":false},"author":1,"featured_media":0,"parent":0,"menu_order":0,"comment_status":"closed","ping_status":"closed","template":"","meta":{"_et_pb_use_builder":"on","_et_pb_old_content":"","_et_gb_content_width":"","footnotes":""},"class_list":["post-790986","page","type-page","status-publish","hentry"],"yoast_head":"<!-- This site is optimized with the Yoast SEO plugin v26.8 - https:\/\/yoast.com\/product\/yoast-seo-wordpress\/ -->\n<title>Agenda \u00c9v\u00e8nements - La Cale Sauvage<\/title>\n<meta name=\"robots\" content=\"index, follow, max-snippet:-1, max-image-preview:large, max-video-preview:-1\" \/>\n<link rel=\"canonical\" href=\"https:\/\/www.la-cale-sauvage.com\/en\/agenda-evenements\/\" \/>\n<meta property=\"og:locale\" content=\"en_GB\" \/>\n<meta property=\"og:type\" content=\"article\" \/>\n<meta property=\"og:title\" content=\"Agenda \u00c9v\u00e8nements - La Cale Sauvage\" \/>\n<meta property=\"og:description\" content=\"Vous pouvez cliquer sur chacun des \u00e9v\u00e8nements afin d&#039;en savoir plus sur les horaires, le style musical et le lien vers des vid\u00e9os live des artistes ! Aussi, vous pouvez [&hellip;]\" \/>\n<meta property=\"og:url\" content=\"https:\/\/www.la-cale-sauvage.com\/en\/agenda-evenements\/\" \/>\n<meta property=\"og:site_name\" content=\"La Cale Sauvage\" \/>\n<meta property=\"article:publisher\" content=\"https:\/\/www.facebook.com\/people\/La-Cale-Sauvage\/61559091470458\/\" \/>\n<meta property=\"article:modified_time\" content=\"2026-04-29T08:37:44+00:00\" \/>\n<meta property=\"og:image\" content=\"https:\/\/www.la-cale-sauvage.com\/wp-content\/uploads\/2024\/11\/camping-la-cale-sauvage.jpg\" \/>\n\t<meta property=\"og:image:width\" content=\"792\" \/>\n\t<meta property=\"og:image:height\" content=\"781\" \/>\n\t<meta property=\"og:image:type\" content=\"image\/jpeg\" \/>\n<meta name=\"twitter:card\" content=\"summary_large_image\" \/>\n<script type=\"application\/ld+json\" class=\"yoast-schema-graph\">{\"@context\":\"https:\/\/schema.org\",\"@graph\":[{\"@type\":\"WebPage\",\"@id\":\"https:\/\/www.la-cale-sauvage.com\/agenda-evenements\/\",\"url\":\"https:\/\/www.la-cale-sauvage.com\/agenda-evenements\/\",\"name\":\"Agenda \u00c9v\u00e8nements - La Cale Sauvage\",\"isPartOf\":{\"@id\":\"https:\/\/www.la-cale-sauvage.com\/#website\"},\"datePublished\":\"2026-04-29T08:28:28+00:00\",\"dateModified\":\"2026-04-29T08:37:44+00:00\",\"breadcrumb\":{\"@id\":\"https:\/\/www.la-cale-sauvage.com\/agenda-evenements\/#breadcrumb\"},\"inLanguage\":\"en-GB\",\"potentialAction\":[{\"@type\":\"ReadAction\",\"target\":[\"https:\/\/www.la-cale-sauvage.com\/agenda-evenements\/\"]}]},{\"@type\":\"BreadcrumbList\",\"@id\":\"https:\/\/www.la-cale-sauvage.com\/agenda-evenements\/#breadcrumb\",\"itemListElement\":[{\"@type\":\"ListItem\",\"position\":1,\"name\":\"Accueil\",\"item\":\"https:\/\/www.la-cale-sauvage.com\/\"},{\"@type\":\"ListItem\",\"position\":2,\"name\":\"Agenda \u00c9v\u00e8nements\"}]},{\"@type\":\"WebSite\",\"@id\":\"https:\/\/www.la-cale-sauvage.com\/#website\",\"url\":\"https:\/\/www.la-cale-sauvage.com\/\",\"name\":\"La Cale Sauvage\",\"description\":\"Guinguette &amp; camping \u00e0 Frossay\",\"publisher\":{\"@id\":\"https:\/\/www.la-cale-sauvage.com\/#organization\"},\"potentialAction\":[{\"@type\":\"SearchAction\",\"target\":{\"@type\":\"EntryPoint\",\"urlTemplate\":\"https:\/\/www.la-cale-sauvage.com\/?s={search_term_string}\"},\"query-input\":{\"@type\":\"PropertyValueSpecification\",\"valueRequired\":true,\"valueName\":\"search_term_string\"}}],\"inLanguage\":\"en-GB\"},{\"@type\":\"Organization\",\"@id\":\"https:\/\/www.la-cale-sauvage.com\/#organization\",\"name\":\"La Cale Sauvage - Camping guinguette\",\"url\":\"https:\/\/www.la-cale-sauvage.com\/\",\"logo\":{\"@type\":\"ImageObject\",\"inLanguage\":\"en-GB\",\"@id\":\"https:\/\/www.la-cale-sauvage.com\/#\/schema\/logo\/image\/\",\"url\":\"https:\/\/www.la-cale-sauvage.com\/wp-content\/uploads\/2024\/04\/cropped-Logo-noir.png\",\"contentUrl\":\"https:\/\/www.la-cale-sauvage.com\/wp-content\/uploads\/2024\/04\/cropped-Logo-noir.png\",\"width\":2653,\"height\":2050,\"caption\":\"La Cale Sauvage - Camping guinguette\"},\"image\":{\"@id\":\"https:\/\/www.la-cale-sauvage.com\/#\/schema\/logo\/image\/\"},\"sameAs\":[\"https:\/\/www.facebook.com\/people\/La-Cale-Sauvage\/61559091470458\/\"]}]}<\/script>\n<!-- \/ Yoast SEO plugin. -->","yoast_head_json":{"title":"Agenda \u00c9v\u00e8nements - La Cale Sauvage","robots":{"index":"index","follow":"follow","max-snippet":"max-snippet:-1","max-image-preview":"max-image-preview:large","max-video-preview":"max-video-preview:-1"},"canonical":"https:\/\/www.la-cale-sauvage.com\/en\/agenda-evenements\/","og_locale":"en_GB","og_type":"article","og_title":"Agenda \u00c9v\u00e8nements - La Cale Sauvage","og_description":"Vous pouvez cliquer sur chacun des \u00e9v\u00e8nements afin d'en savoir plus sur les horaires, le style musical et le lien vers des vid\u00e9os live des artistes ! Aussi, vous pouvez [&hellip;]","og_url":"https:\/\/www.la-cale-sauvage.com\/en\/agenda-evenements\/","og_site_name":"La Cale Sauvage","article_publisher":"https:\/\/www.facebook.com\/people\/La-Cale-Sauvage\/61559091470458\/","article_modified_time":"2026-04-29T08:37:44+00:00","og_image":[{"width":792,"height":781,"url":"https:\/\/www.la-cale-sauvage.com\/wp-content\/uploads\/2024\/11\/camping-la-cale-sauvage.jpg","type":"image\/jpeg"}],"twitter_card":"summary_large_image","schema":{"@context":"https:\/\/schema.org","@graph":[{"@type":"WebPage","@id":"https:\/\/www.la-cale-sauvage.com\/agenda-evenements\/","url":"https:\/\/www.la-cale-sauvage.com\/agenda-evenements\/","name":"Agenda \u00c9v\u00e8nements - La Cale Sauvage","isPartOf":{"@id":"https:\/\/www.la-cale-sauvage.com\/#website"},"datePublished":"2026-04-29T08:28:28+00:00","dateModified":"2026-04-29T08:37:44+00:00","breadcrumb":{"@id":"https:\/\/www.la-cale-sauvage.com\/agenda-evenements\/#breadcrumb"},"inLanguage":"en-GB","potentialAction":[{"@type":"ReadAction","target":["https:\/\/www.la-cale-sauvage.com\/agenda-evenements\/"]}]},{"@type":"BreadcrumbList","@id":"https:\/\/www.la-cale-sauvage.com\/agenda-evenements\/#breadcrumb","itemListElement":[{"@type":"ListItem","position":1,"name":"Accueil","item":"https:\/\/www.la-cale-sauvage.com\/"},{"@type":"ListItem","position":2,"name":"Agenda \u00c9v\u00e8nements"}]},{"@type":"WebSite","@id":"https:\/\/www.la-cale-sauvage.com\/#website","url":"https:\/\/www.la-cale-sauvage.com\/","name":"La Cale Sauvage","description":"Guinguette &amp; camping \u00e0 Frossay","publisher":{"@id":"https:\/\/www.la-cale-sauvage.com\/#organization"},"potentialAction":[{"@type":"SearchAction","target":{"@type":"EntryPoint","urlTemplate":"https:\/\/www.la-cale-sauvage.com\/?s={search_term_string}"},"query-input":{"@type":"PropertyValueSpecification","valueRequired":true,"valueName":"search_term_string"}}],"inLanguage":"en-GB"},{"@type":"Organization","@id":"https:\/\/www.la-cale-sauvage.com\/#organization","name":"La Cale Sauvage - Camping guinguette","url":"https:\/\/www.la-cale-sauvage.com\/","logo":{"@type":"ImageObject","inLanguage":"en-GB","@id":"https:\/\/www.la-cale-sauvage.com\/#\/schema\/logo\/image\/","url":"https:\/\/www.la-cale-sauvage.com\/wp-content\/uploads\/2024\/04\/cropped-Logo-noir.png","contentUrl":"https:\/\/www.la-cale-sauvage.com\/wp-content\/uploads\/2024\/04\/cropped-Logo-noir.png","width":2653,"height":2050,"caption":"La Cale Sauvage - Camping guinguette"},"image":{"@id":"https:\/\/www.la-cale-sauvage.com\/#\/schema\/logo\/image\/"},"sameAs":["https:\/\/www.facebook.com\/people\/La-Cale-Sauvage\/61559091470458\/"]}]}},"_links":{"self":[{"href":"https:\/\/www.la-cale-sauvage.com\/en\/wp-json\/wp\/v2\/pages\/790986","targetHints":{"allow":["GET"]}}],"collection":[{"href":"https:\/\/www.la-cale-sauvage.com\/en\/wp-json\/wp\/v2\/pages"}],"about":[{"href":"https:\/\/www.la-cale-sauvage.com\/en\/wp-json\/wp\/v2\/types\/page"}],"author":[{"embeddable":true,"href":"https:\/\/www.la-cale-sauvage.com\/en\/wp-json\/wp\/v2\/users\/1"}],"replies":[{"embeddable":true,"href":"https:\/\/www.la-cale-sauvage.com\/en\/wp-json\/wp\/v2\/comments?post=790986"}],"version-history":[{"count":9,"href":"https:\/\/www.la-cale-sauvage.com\/en\/wp-json\/wp\/v2\/pages\/790986\/revisions"}],"predecessor-version":[{"id":791012,"href":"https:\/\/www.la-cale-sauvage.com\/en\/wp-json\/wp\/v2\/pages\/790986\/revisions\/791012"}],"wp:attachment":[{"href":"https:\/\/www.la-cale-sauvage.com\/en\/wp-json\/wp\/v2\/media?parent=790986"}],"curies":[{"name":"wp","href":"https:\/\/api.w.org\/{rel}","templated":true}]}}